{"id":4292,"date":"2020-08-11T13:21:57","date_gmt":"2020-08-11T10:21:57","guid":{"rendered":"https:\/\/hskurd.org\/?page_id=4292"},"modified":"2020-11-16T12:56:31","modified_gmt":"2020-11-16T09:56:31","slug":"tevli-me-bibe-2","status":"publish","type":"page","link":"https:\/\/hskurd.org\/?page_id=4292&lang=ku","title":{"rendered":"Tevl\u00ee me bibe"},"content":{"rendered":"<p>&nbsp;<\/p>\n<p>Ku h\u00fbn bixwazin ser\u00ee li valahiy\u00ean Heyva Sor a Kurd bidin<\/p>\n<p>H\u00fbn dikarin CV-ya xwe bi riya e-namey\u00ea bi\u015f\u00eenin<\/p>\n<p>&nbsp;<\/p>\n<p><a href=\"mailto:hr.hskurd@hskurd.org\">hr.hskurd@hskurd.org<\/a><\/p>\n<p>ya gir\u00eaday\u00ee &nbsp;Niv\u00eesgeha \u00c7avkaniy\u00ean Mirovan an j\u00ee bi\u00e7in ser malpera Tora Kar\u00fbbar\u00ean Bakur \u00fb Rojhilat\u00ea S\u00fbriy\u00ea<\/p>\n","protected":false},"excerpt":{"rendered":"<p>&nbsp; Ku h\u00fbn bixwazin ser\u00ee li valahiy\u00ean Heyva Sor a Kurd bidin H\u00fbn dikarin CV-ya xwe bi riya e-namey\u00ea bi\u015f\u00eenin &nbsp; hr.hskurd@hskurd.org ya gir\u00eaday\u00ee &nbsp;Niv\u00eesgeha \u00c7avkaniy\u00ean Mirovan an j\u00ee bi\u00e7in ser malpera Tora Kar\u00fbbar\u00ean Bakur \u00fb Rojhilat\u00ea S\u00fbriy\u00ea<\/p>\n","protected":false},"author":3,"featured_media":0,"parent":0,"menu_order":0,"comment_status":"closed","ping_status":"closed","template":"","meta":{"give_campaign_id":0,"ngg_post_thumbnail":0,"jetpack_post_was_ever_published":false,"footnotes":"","_links_to":"","_links_to_target":""},"class_list":["post-4292","page","type-page","status-publish","hentry"],"campaignId":"","jetpack-related-posts":[],"jetpack_sharing_enabled":true,"_links":{"self":[{"href":"https:\/\/hskurd.org\/index.php?rest_route=\/wp\/v2\/pages\/4292","targetHints":{"allow":["GET"]}}],"collection":[{"href":"https:\/\/hskurd.org\/index.php?rest_route=\/wp\/v2\/pages"}],"about":[{"href":"https:\/\/hskurd.org\/index.php?rest_route=\/wp\/v2\/types\/page"}],"author":[{"embeddable":true,"href":"https:\/\/hskurd.org\/index.php?rest_route=\/wp\/v2\/users\/3"}],"replies":[{"embeddable":true,"href":"https:\/\/hskurd.org\/index.php?rest_route=%2Fwp%2Fv2%2Fcomments&post=4292"}],"version-history":[{"count":3,"href":"https:\/\/hskurd.org\/index.php?rest_route=\/wp\/v2\/pages\/4292\/revisions"}],"predecessor-version":[{"id":4985,"href":"https:\/\/hskurd.org\/index.php?rest_route=\/wp\/v2\/pages\/4292\/revisions\/4985"}],"wp:attachment":[{"href":"https:\/\/hskurd.org\/index.php?rest_route=%2Fwp%2Fv2%2Fmedia&parent=4292"}],"curies":[{"name":"wp","href":"https:\/\/api.w.org\/{rel}","templated":true}]}}